{"id":863,"date":"2023-03-21T23:39:20","date_gmt":"2023-03-22T02:39:20","guid":{"rendered":"https:\/\/jardimdasamoras.com.br\/amoras\/?page_id=863"},"modified":"2025-06-18T13:50:59","modified_gmt":"2025-06-18T16:50:59","slug":"blog","status":"publish","type":"page","link":"https:\/\/jardimdasamoras.com.br\/amoras\/blog\/","title":{"rendered":"Blog"},"content":{"rendered":"\t\t<div data-elementor-type=\"wp-page\" data-elementor-id=\"863\" class=\"elementor elementor-863\" data-elementor-post-type=\"page\">\n\t\t\t\t\t\t<section class=\"has_eae_slider elementor-section elementor-top-section elementor-element elementor-element-ac1b523 elementor-section-boxed elementor-section-height-default elementor-section-height-default\" data-eae-slider=\"13846\" data-id=\"ac1b523\" data-element_type=\"section\" data-e-type=\"section\" data-settings=\"{&quot;background_background&quot;:&quot;classic&quot;,&quot;shape_divider_bottom&quot;:&quot;opacity-tilt&quot;}\">\n\t\t\t\t\t<div class=\"elementor-shape elementor-shape-bottom\" aria-hidden=\"true\" data-negative=\"false\">\n\t\t\t<svg xmlns=\"http:\/\/www.w3.org\/2000\/svg\" viewBox=\"0 0 2600 131.1\" preserveAspectRatio=\"none\">\n\t<path class=\"elementor-shape-fill\" d=\"M0 0L2600 0 2600 69.1 0 0z\"\/>\n\t<path class=\"elementor-shape-fill\" style=\"opacity:0.5\" d=\"M0 0L2600 0 2600 69.1 0 69.1z\"\/>\n\t<path class=\"elementor-shape-fill\" style=\"opacity:0.25\" d=\"M2600 0L0 0 0 130.1 2600 69.1z\"\/>\n<\/svg>\t\t<\/div>\n\t\t\t\t\t<div class=\"elementor-container elementor-column-gap-default\">\n\t\t\t\t\t<div class=\"has_eae_slider elementor-column elementor-col-100 elementor-top-column elementor-element elementor-element-c5ac330\" data-eae-slider=\"73570\" data-id=\"c5ac330\" data-element_type=\"column\" data-e-type=\"column\">\n\t\t\t<div class=\"elementor-widget-wrap elementor-element-populated\">\n\t\t\t\t\t\t<div class=\"elementor-element elementor-element-33e761f elementor-widget-divider--view-line_text elementor-widget-divider--element-align-left elementor-widget-divider--separator-type-pattern elementor-widget elementor-widget-divider\" data-id=\"33e761f\" data-element_type=\"widget\" data-e-type=\"widget\" data-widget_type=\"divider.default\">\n\t\t\t\t<div class=\"elementor-widget-container\">\n\t\t\t\t\t\t\t<div class=\"elementor-divider\" style=\"--divider-pattern-url: url(&quot;data:image\/svg+xml,%3Csvg xmlns=&#039;http:\/\/www.w3.org\/2000\/svg&#039; preserveAspectRatio=&#039;none&#039; overflow=&#039;visible&#039; height=&#039;100%&#039; viewBox=&#039;0 0 24 24&#039; fill=&#039;none&#039; stroke=&#039;black&#039; stroke-width=&#039;1.2&#039; stroke-linecap=&#039;square&#039; stroke-miterlimit=&#039;10&#039;%3E%3Cpath d=&#039;M0,21c3.3,0,8.3-0.9,15.7-7.1c6.6-5.4,4.4-9.3,2.4-10.3c-3.4-1.8-7.7,1.3-7.3,8.8C11.2,20,17.1,21,24,21&#039;\/%3E%3C\/svg%3E&quot;);\">\n\t\t\t<span class=\"elementor-divider-separator\">\n\t\t\t\t\t\t\t<h2 class=\"elementor-divider__text elementor-divider__element\">\n\t\t\t\tBlog\t\t\t\t<\/h2>\n\t\t\t\t\t\t<\/span>\n\t\t<\/div>\n\t\t\t\t\t\t<\/div>\n\t\t\t\t<\/div>\n\t\t\t\t\t<\/div>\n\t\t<\/div>\n\t\t\t\t\t<\/div>\n\t\t<\/section>\n\t\t\t\t<section class=\"has_eae_slider elementor-section elementor-top-section elementor-element elementor-element-81faa4e elementor-section-boxed elementor-section-height-default elementor-section-height-default\" data-eae-slider=\"4685\" data-id=\"81faa4e\" data-element_type=\"section\" data-e-type=\"section\">\n\t\t\t\t\t\t<div class=\"elementor-container elementor-column-gap-default\">\n\t\t\t\t\t<div data-wts-url=\"https:\/\/jardimdasamoras.com.br\/amoras\/links\/category\/blog\/artigos\/\" data-wts-link=\"yes\" data-wts-new-window=\"\" class=\"has_eae_slider elementor-column elementor-col-50 elementor-top-column elementor-element elementor-element-1d5b00a ae-link-yes\" data-eae-slider=\"17218\" data-id=\"1d5b00a\" data-element_type=\"column\" data-e-type=\"column\" data-settings=\"{&quot;background_background&quot;:&quot;classic&quot;}\">\n\t\t\t<div class=\"elementor-widget-wrap elementor-element-populated\">\n\t\t\t\t\t\t<div class=\"elementor-element elementor-element-cccb7fb elementor-view-default elementor-position-block-start elementor-mobile-position-block-start elementor-widget elementor-widget-icon-box\" data-id=\"cccb7fb\" data-element_type=\"widget\" data-e-type=\"widget\" data-widget_type=\"icon-box.default\">\n\t\t\t\t<div class=\"elementor-widget-container\">\n\t\t\t\t\t\t\t<div class=\"elementor-icon-box-wrapper\">\n\n\t\t\t\t\t\t<div class=\"elementor-icon-box-icon\">\n\t\t\t\t<a href=\"https:\/\/jardimdasamoras.com.br\/amoras\/links\/category\/blog\/artigos\/\" class=\"elementor-icon\" tabindex=\"-1\">\n\t\t\t\t<svg aria-hidden=\"true\" class=\"e-font-icon-svg e-fas-th-list\" viewBox=\"0 0 512 512\" xmlns=\"http:\/\/www.w3.org\/2000\/svg\"><path d=\"M149.333 216v80c0 13.255-10.745 24-24 24H24c-13.255 0-24-10.745-24-24v-80c0-13.255 10.745-24 24-24h101.333c13.255 0 24 10.745 24 24zM0 376v80c0 13.255 10.745 24 24 24h101.333c13.255 0 24-10.745 24-24v-80c0-13.255-10.745-24-24-24H24c-13.255 0-24 10.745-24 24zM125.333 32H24C10.745 32 0 42.745 0 56v80c0 13.255 10.745 24 24 24h101.333c13.255 0 24-10.745 24-24V56c0-13.255-10.745-24-24-24zm80 448H488c13.255 0 24-10.745 24-24v-80c0-13.255-10.745-24-24-24H205.333c-13.255 0-24 10.745-24 24v80c0 13.255 10.745 24 24 24zm-24-424v80c0 13.255 10.745 24 24 24H488c13.255 0 24-10.745 24-24V56c0-13.255-10.745-24-24-24H205.333c-13.255 0-24 10.745-24 24zm24 264H488c13.255 0 24-10.745 24-24v-80c0-13.255-10.745-24-24-24H205.333c-13.255 0-24 10.745-24 24v80c0 13.255 10.745 24 24 24z\"><\/path><\/svg>\t\t\t\t<\/a>\n\t\t\t<\/div>\n\t\t\t\n\t\t\t\t\t\t<div class=\"elementor-icon-box-content\">\n\n\t\t\t\t\n\t\t\t\t\t\t\t\t\t<p class=\"elementor-icon-box-description\">\n\t\t\t\t\t\tVer Publica\u00e7\u00f5es\t\t\t\t\t<\/p>\n\t\t\t\t\n\t\t\t<\/div>\n\t\t\t\n\t\t<\/div>\n\t\t\t\t\t\t<\/div>\n\t\t\t\t<\/div>\n\t\t\t\t\t<\/div>\n\t\t<\/div>\n\t\t\t\t<div class=\"has_eae_slider elementor-column elementor-col-50 elementor-top-column elementor-element elementor-element-79ae11a\" data-eae-slider=\"59810\" data-id=\"79ae11a\" data-element_type=\"column\" data-e-type=\"column\">\n\t\t\t<div class=\"elementor-widget-wrap elementor-element-populated\">\n\t\t\t\t\t\t<div class=\"elementor-element elementor-element-a5a1632 elementor-widget elementor-widget-heading\" data-id=\"a5a1632\" data-element_type=\"widget\" data-e-type=\"widget\" data-settings=\"{&quot;_animation&quot;:&quot;none&quot;}\" data-widget_type=\"heading.default\">\n\t\t\t\t<div class=\"elementor-widget-container\">\n\t\t\t\t\t<h2 class=\"elementor-heading-title elementor-size-default\"><a href=\"https:\/\/jardimdasamoras.com.br\/amoras\/links\/category\/blog\/artigos\/\">Artigos<\/a><\/h2>\t\t\t\t<\/div>\n\t\t\t\t<\/div>\n\t\t\t\t<div class=\"elementor-element elementor-element-ac8e9b6 elementor-widget elementor-widget-text-editor\" data-id=\"ac8e9b6\" data-element_type=\"widget\" data-e-type=\"widget\" data-widget_type=\"text-editor.default\">\n\t\t\t\t<div class=\"elementor-widget-container\">\n\t\t\t\t\t\t\t\t\t<p>Aqui compartilhamos reflex\u00f5es, pesquisas e pr\u00e1ticas sobre inf\u00e2ncia, educa\u00e7\u00e3o e desenvolvimento humano<\/p>\t\t\t\t\t\t\t\t<\/div>\n\t\t\t\t<\/div>\n\t\t\t\t\t<\/div>\n\t\t<\/div>\n\t\t\t\t\t<\/div>\n\t\t<\/section>\n\t\t\t\t<section class=\"has_eae_slider elementor-section elementor-top-section elementor-element elementor-element-0e9738d elementor-section-boxed elementor-section-height-default elementor-section-height-default\" data-eae-slider=\"40755\" data-id=\"0e9738d\" data-element_type=\"section\" data-e-type=\"section\">\n\t\t\t\t\t\t<div class=\"elementor-container elementor-column-gap-default\">\n\t\t\t\t\t<div data-wts-url=\"https:\/\/jardimdasamoras.com.br\/amoras\/links\/category\/blog\/textos-pedagogicos\/\" data-wts-link=\"yes\" data-wts-new-window=\"\" class=\"has_eae_slider elementor-column elementor-col-50 elementor-top-column elementor-element elementor-element-ead2d5c ae-link-yes\" data-eae-slider=\"56284\" data-id=\"ead2d5c\" data-element_type=\"column\" data-e-type=\"column\" data-settings=\"{&quot;background_background&quot;:&quot;classic&quot;}\">\n\t\t\t<div class=\"elementor-widget-wrap elementor-element-populated\">\n\t\t\t\t\t\t<div class=\"elementor-element elementor-element-6f31911 elementor-view-default elementor-position-block-start elementor-mobile-position-block-start elementor-widget elementor-widget-icon-box\" data-id=\"6f31911\" data-element_type=\"widget\" data-e-type=\"widget\" data-widget_type=\"icon-box.default\">\n\t\t\t\t<div class=\"elementor-widget-container\">\n\t\t\t\t\t\t\t<div class=\"elementor-icon-box-wrapper\">\n\n\t\t\t\t\t\t<div class=\"elementor-icon-box-icon\">\n\t\t\t\t<a href=\"https:\/\/jardimdasamoras.com.br\/amoras\/links\/category\/blog\/textos-pedagogicos\/\" class=\"elementor-icon\" tabindex=\"-1\">\n\t\t\t\t<svg aria-hidden=\"true\" class=\"e-font-icon-svg e-fas-th-list\" viewBox=\"0 0 512 512\" xmlns=\"http:\/\/www.w3.org\/2000\/svg\"><path d=\"M149.333 216v80c0 13.255-10.745 24-24 24H24c-13.255 0-24-10.745-24-24v-80c0-13.255 10.745-24 24-24h101.333c13.255 0 24 10.745 24 24zM0 376v80c0 13.255 10.745 24 24 24h101.333c13.255 0 24-10.745 24-24v-80c0-13.255-10.745-24-24-24H24c-13.255 0-24 10.745-24 24zM125.333 32H24C10.745 32 0 42.745 0 56v80c0 13.255 10.745 24 24 24h101.333c13.255 0 24-10.745 24-24V56c0-13.255-10.745-24-24-24zm80 448H488c13.255 0 24-10.745 24-24v-80c0-13.255-10.745-24-24-24H205.333c-13.255 0-24 10.745-24 24v80c0 13.255 10.745 24 24 24zm-24-424v80c0 13.255 10.745 24 24 24H488c13.255 0 24-10.745 24-24V56c0-13.255-10.745-24-24-24H205.333c-13.255 0-24 10.745-24 24zm24 264H488c13.255 0 24-10.745 24-24v-80c0-13.255-10.745-24-24-24H205.333c-13.255 0-24 10.745-24 24v80c0 13.255 10.745 24 24 24z\"><\/path><\/svg>\t\t\t\t<\/a>\n\t\t\t<\/div>\n\t\t\t\n\t\t\t\t\t\t<div class=\"elementor-icon-box-content\">\n\n\t\t\t\t\n\t\t\t\t\t\t\t\t\t<p class=\"elementor-icon-box-description\">\n\t\t\t\t\t\tVer Publica\u00e7\u00f5es\t\t\t\t\t<\/p>\n\t\t\t\t\n\t\t\t<\/div>\n\t\t\t\n\t\t<\/div>\n\t\t\t\t\t\t<\/div>\n\t\t\t\t<\/div>\n\t\t\t\t\t<\/div>\n\t\t<\/div>\n\t\t\t\t<div class=\"has_eae_slider elementor-column elementor-col-50 elementor-top-column elementor-element elementor-element-bb81f07\" data-eae-slider=\"80855\" data-id=\"bb81f07\" data-element_type=\"column\" data-e-type=\"column\">\n\t\t\t<div class=\"elementor-widget-wrap elementor-element-populated\">\n\t\t\t\t\t\t<div class=\"elementor-element elementor-element-e8b94a7 elementor-widget elementor-widget-heading\" data-id=\"e8b94a7\" data-element_type=\"widget\" data-e-type=\"widget\" data-settings=\"{&quot;_animation&quot;:&quot;none&quot;}\" data-widget_type=\"heading.default\">\n\t\t\t\t<div class=\"elementor-widget-container\">\n\t\t\t\t\t<h2 class=\"elementor-heading-title elementor-size-default\"><a href=\"https:\/\/jardimdasamoras.com.br\/amoras\/links\/category\/blog\/textos-pedagogicos\/\">Textos Pedag\u00f3gicos<\/a><\/h2>\t\t\t\t<\/div>\n\t\t\t\t<\/div>\n\t\t\t\t<div class=\"elementor-element elementor-element-e1e1656 elementor-widget elementor-widget-text-editor\" data-id=\"e1e1656\" data-element_type=\"widget\" data-e-type=\"widget\" data-widget_type=\"text-editor.default\">\n\t\t\t\t<div class=\"elementor-widget-container\">\n\t\t\t\t\t\t\t\t\t<p>Encontre aqui o material preparado ou escolhido por nossos professores para compreender melhor o desenvolvimento das crian\u00e7as e como lidar com elas.<\/p>\t\t\t\t\t\t\t\t<\/div>\n\t\t\t\t<\/div>\n\t\t\t\t\t<\/div>\n\t\t<\/div>\n\t\t\t\t\t<\/div>\n\t\t<\/section>\n\t\t\t\t<section class=\"has_eae_slider elementor-section elementor-top-section elementor-element elementor-element-5deb5f3 elementor-section-boxed elementor-section-height-default elementor-section-height-default\" data-eae-slider=\"1174\" data-id=\"5deb5f3\" data-element_type=\"section\" data-e-type=\"section\">\n\t\t\t\t\t\t<div class=\"elementor-container elementor-column-gap-default\">\n\t\t\t\t\t<div data-wts-url=\"https:\/\/jardimdasamoras.com.br\/amoras\/links\/category\/blog\/epocas-do-ano\/\" data-wts-link=\"yes\" data-wts-new-window=\"\" class=\"has_eae_slider elementor-column elementor-col-50 elementor-top-column elementor-element elementor-element-2b6c4e9 ae-link-yes\" data-eae-slider=\"41142\" data-id=\"2b6c4e9\" data-element_type=\"column\" data-e-type=\"column\" data-settings=\"{&quot;background_background&quot;:&quot;classic&quot;}\">\n\t\t\t<div class=\"elementor-widget-wrap elementor-element-populated\">\n\t\t\t\t\t\t<div class=\"elementor-element elementor-element-2c37883 elementor-view-default elementor-position-block-start elementor-mobile-position-block-start elementor-widget elementor-widget-icon-box\" data-id=\"2c37883\" data-element_type=\"widget\" data-e-type=\"widget\" data-widget_type=\"icon-box.default\">\n\t\t\t\t<div class=\"elementor-widget-container\">\n\t\t\t\t\t\t\t<div class=\"elementor-icon-box-wrapper\">\n\n\t\t\t\t\t\t<div class=\"elementor-icon-box-icon\">\n\t\t\t\t<a href=\"https:\/\/jardimdasamoras.com.br\/amoras\/links\/category\/blog\/epocas-do-ano\/\" class=\"elementor-icon\" tabindex=\"-1\">\n\t\t\t\t<svg aria-hidden=\"true\" class=\"e-font-icon-svg e-fas-th-list\" viewBox=\"0 0 512 512\" xmlns=\"http:\/\/www.w3.org\/2000\/svg\"><path d=\"M149.333 216v80c0 13.255-10.745 24-24 24H24c-13.255 0-24-10.745-24-24v-80c0-13.255 10.745-24 24-24h101.333c13.255 0 24 10.745 24 24zM0 376v80c0 13.255 10.745 24 24 24h101.333c13.255 0 24-10.745 24-24v-80c0-13.255-10.745-24-24-24H24c-13.255 0-24 10.745-24 24zM125.333 32H24C10.745 32 0 42.745 0 56v80c0 13.255 10.745 24 24 24h101.333c13.255 0 24-10.745 24-24V56c0-13.255-10.745-24-24-24zm80 448H488c13.255 0 24-10.745 24-24v-80c0-13.255-10.745-24-24-24H205.333c-13.255 0-24 10.745-24 24v80c0 13.255 10.745 24 24 24zm-24-424v80c0 13.255 10.745 24 24 24H488c13.255 0 24-10.745 24-24V56c0-13.255-10.745-24-24-24H205.333c-13.255 0-24 10.745-24 24zm24 264H488c13.255 0 24-10.745 24-24v-80c0-13.255-10.745-24-24-24H205.333c-13.255 0-24 10.745-24 24v80c0 13.255 10.745 24 24 24z\"><\/path><\/svg>\t\t\t\t<\/a>\n\t\t\t<\/div>\n\t\t\t\n\t\t\t\t\t\t<div class=\"elementor-icon-box-content\">\n\n\t\t\t\t\n\t\t\t\t\t\t\t\t\t<p class=\"elementor-icon-box-description\">\n\t\t\t\t\t\tVer Publica\u00e7\u00f5es\t\t\t\t\t<\/p>\n\t\t\t\t\n\t\t\t<\/div>\n\t\t\t\n\t\t<\/div>\n\t\t\t\t\t\t<\/div>\n\t\t\t\t<\/div>\n\t\t\t\t\t<\/div>\n\t\t<\/div>\n\t\t\t\t<div class=\"has_eae_slider elementor-column elementor-col-50 elementor-top-column elementor-element elementor-element-697fb18\" data-eae-slider=\"51631\" data-id=\"697fb18\" data-element_type=\"column\" data-e-type=\"column\">\n\t\t\t<div class=\"elementor-widget-wrap elementor-element-populated\">\n\t\t\t\t\t\t<div class=\"elementor-element elementor-element-8b4cbd3 elementor-widget elementor-widget-heading\" data-id=\"8b4cbd3\" data-element_type=\"widget\" data-e-type=\"widget\" data-settings=\"{&quot;_animation&quot;:&quot;none&quot;}\" data-widget_type=\"heading.default\">\n\t\t\t\t<div class=\"elementor-widget-container\">\n\t\t\t\t\t<h2 class=\"elementor-heading-title elementor-size-default\"><a href=\"https:\/\/jardimdasamoras.com.br\/amoras\/links\/category\/blog\/epocas-do-ano\/\">\u00c9pocas do Ano<\/a><\/h2>\t\t\t\t<\/div>\n\t\t\t\t<\/div>\n\t\t\t\t<div class=\"elementor-element elementor-element-6331bc2 elementor-widget elementor-widget-text-editor\" data-id=\"6331bc2\" data-element_type=\"widget\" data-e-type=\"widget\" data-widget_type=\"text-editor.default\">\n\t\t\t\t<div class=\"elementor-widget-container\">\n\t\t\t\t\t\t\t\t\t<p>Aqui est\u00e3o alguns textos que apresentam nossas festas anuais e todo o ambiente que envolve as celebra\u00e7\u00f5es junto com as crian\u00e7as.<\/p>\t\t\t\t\t\t\t\t<\/div>\n\t\t\t\t<\/div>\n\t\t\t\t\t<\/div>\n\t\t<\/div>\n\t\t\t\t\t<\/div>\n\t\t<\/section>\n\t\t\t\t<section class=\"has_eae_slider elementor-section elementor-top-section elementor-element elementor-element-ed11d57 elementor-section-boxed elementor-section-height-default elementor-section-height-default\" data-eae-slider=\"7005\" data-id=\"ed11d57\" data-element_type=\"section\" data-e-type=\"section\">\n\t\t\t\t\t\t<div class=\"elementor-container elementor-column-gap-default\">\n\t\t\t\t\t<div data-wts-url=\"https:\/\/jardimdasamoras.com.br\/amoras\/links\/category\/blog\/mais-sobre-nos\/\" data-wts-link=\"yes\" data-wts-new-window=\"\" class=\"has_eae_slider elementor-column elementor-col-50 elementor-top-column elementor-element elementor-element-2c64bb5 ae-link-yes\" data-eae-slider=\"49032\" data-id=\"2c64bb5\" data-element_type=\"column\" data-e-type=\"column\" data-settings=\"{&quot;background_background&quot;:&quot;classic&quot;}\">\n\t\t\t<div class=\"elementor-widget-wrap elementor-element-populated\">\n\t\t\t\t\t\t<div class=\"elementor-element elementor-element-18441f3 elementor-view-default elementor-position-block-start elementor-mobile-position-block-start elementor-widget elementor-widget-icon-box\" data-id=\"18441f3\" data-element_type=\"widget\" data-e-type=\"widget\" data-widget_type=\"icon-box.default\">\n\t\t\t\t<div class=\"elementor-widget-container\">\n\t\t\t\t\t\t\t<div class=\"elementor-icon-box-wrapper\">\n\n\t\t\t\t\t\t<div class=\"elementor-icon-box-icon\">\n\t\t\t\t<a href=\"https:\/\/jardimdasamoras.com.br\/amoras\/links\/category\/blog\/mais-sobre-nos\/\" class=\"elementor-icon\" tabindex=\"-1\">\n\t\t\t\t<svg aria-hidden=\"true\" class=\"e-font-icon-svg e-fas-th-list\" viewBox=\"0 0 512 512\" xmlns=\"http:\/\/www.w3.org\/2000\/svg\"><path d=\"M149.333 216v80c0 13.255-10.745 24-24 24H24c-13.255 0-24-10.745-24-24v-80c0-13.255 10.745-24 24-24h101.333c13.255 0 24 10.745 24 24zM0 376v80c0 13.255 10.745 24 24 24h101.333c13.255 0 24-10.745 24-24v-80c0-13.255-10.745-24-24-24H24c-13.255 0-24 10.745-24 24zM125.333 32H24C10.745 32 0 42.745 0 56v80c0 13.255 10.745 24 24 24h101.333c13.255 0 24-10.745 24-24V56c0-13.255-10.745-24-24-24zm80 448H488c13.255 0 24-10.745 24-24v-80c0-13.255-10.745-24-24-24H205.333c-13.255 0-24 10.745-24 24v80c0 13.255 10.745 24 24 24zm-24-424v80c0 13.255 10.745 24 24 24H488c13.255 0 24-10.745 24-24V56c0-13.255-10.745-24-24-24H205.333c-13.255 0-24 10.745-24 24zm24 264H488c13.255 0 24-10.745 24-24v-80c0-13.255-10.745-24-24-24H205.333c-13.255 0-24 10.745-24 24v80c0 13.255 10.745 24 24 24z\"><\/path><\/svg>\t\t\t\t<\/a>\n\t\t\t<\/div>\n\t\t\t\n\t\t\t\t\t\t<div class=\"elementor-icon-box-content\">\n\n\t\t\t\t\n\t\t\t\t\t\t\t\t\t<p class=\"elementor-icon-box-description\">\n\t\t\t\t\t\tVer Publica\u00e7\u00f5es\t\t\t\t\t<\/p>\n\t\t\t\t\n\t\t\t<\/div>\n\t\t\t\n\t\t<\/div>\n\t\t\t\t\t\t<\/div>\n\t\t\t\t<\/div>\n\t\t\t\t\t<\/div>\n\t\t<\/div>\n\t\t\t\t<div class=\"has_eae_slider elementor-column elementor-col-50 elementor-top-column elementor-element elementor-element-5579424\" data-eae-slider=\"75602\" data-id=\"5579424\" data-element_type=\"column\" data-e-type=\"column\">\n\t\t\t<div class=\"elementor-widget-wrap elementor-element-populated\">\n\t\t\t\t\t\t<div class=\"elementor-element elementor-element-d7518b9 elementor-widget elementor-widget-heading\" data-id=\"d7518b9\" data-element_type=\"widget\" data-e-type=\"widget\" data-settings=\"{&quot;_animation&quot;:&quot;none&quot;}\" data-widget_type=\"heading.default\">\n\t\t\t\t<div class=\"elementor-widget-container\">\n\t\t\t\t\t<h2 class=\"elementor-heading-title elementor-size-default\"><a href=\"https:\/\/jardimdasamoras.com.br\/amoras\/links\/category\/blog\/mais-sobre-nos\/\">Mais sobre n\u00f3s<\/a><\/h2>\t\t\t\t<\/div>\n\t\t\t\t<\/div>\n\t\t\t\t<div class=\"elementor-element elementor-element-e8c2db6 elementor-widget elementor-widget-text-editor\" data-id=\"e8c2db6\" data-element_type=\"widget\" data-e-type=\"widget\" data-widget_type=\"text-editor.default\">\n\t\t\t\t<div class=\"elementor-widget-container\">\n\t\t\t\t\t\t\t\t\t<p>Conhe\u00e7a mais sobre a metodologia e a nossa escola.<\/p>\t\t\t\t\t\t\t\t<\/div>\n\t\t\t\t<\/div>\n\t\t\t\t\t<\/div>\n\t\t<\/div>\n\t\t\t\t\t<\/div>\n\t\t<\/section>\n\t\t\t\t<\/div>\n\t\t","protected":false},"excerpt":{"rendered":"<p>Blog Ver Publica\u00e7\u00f5es Artigos Aqui compartilhamos reflex\u00f5es, pesquisas e pr\u00e1ticas sobre inf\u00e2ncia, educa\u00e7\u00e3o e desenvolvimento humano Ver Publica\u00e7\u00f5es Textos Pedag\u00f3gicos Encontre aqui o material preparado ou escolhido por nossos professores para compreender melhor o desenvolvimento das crian\u00e7as e como lidar com elas. Ver Publica\u00e7\u00f5es \u00c9pocas do Ano Aqui est\u00e3o alguns textos que apresentam nossas festas [&hellip;]<\/p>\n","protected":false},"author":1,"featured_media":2104,"parent":0,"menu_order":0,"comment_status":"closed","ping_status":"closed","template":"elementor_canvas","meta":{"site-sidebar-layout":"default","site-content-layout":"","ast-site-content-layout":"default","site-content-style":"default","site-sidebar-style":"default","ast-global-header-display":"","ast-banner-title-visibility":"","ast-main-header-display":"","ast-hfb-above-header-display":"","ast-hfb-below-header-display":"","ast-hfb-mobile-header-display":"","site-post-title":"","ast-breadcrumbs-content":"","ast-featured-img":"","footer-sml-layout":"","ast-disable-related-posts":"","theme-transparent-header-meta":"","adv-header-id-meta":"","stick-header-meta":"","header-above-stick-meta":"","header-main-stick-meta":"","header-below-stick-meta":"","astra-migrate-meta-layouts":"default","ast-page-background-enabled":"default","ast-page-background-meta":{"desktop":{"background-color":"var(--ast-global-color-4)","background-image":"","background-repeat":"repeat","background-position":"center center","background-size":"auto","background-attachment":"scroll","background-type":"","background-media":"","overlay-type":"","overlay-color":"","overlay-opacity":"","overlay-gradient":""},"tablet":{"background-color":"","background-image":"","background-repeat":"repeat","background-position":"center center","background-size":"auto","background-attachment":"scroll","background-type":"","background-media":"","overlay-type":"","overlay-color":"","overlay-opacity":"","overlay-gradient":""},"mobile":{"background-color":"","background-image":"","background-repeat":"repeat","background-position":"center center","background-size":"auto","background-attachment":"scroll","background-type":"","background-media":"","overlay-type":"","overlay-color":"","overlay-opacity":"","overlay-gradient":""}},"ast-content-background-meta":{"desktop":{"background-color":"var(--ast-global-color-5)","background-image":"","background-repeat":"repeat","background-position":"center center","background-size":"auto","background-attachment":"scroll","background-type":"","background-media":"","overlay-type":"","overlay-color":"","overlay-opacity":"","overlay-gradient":""},"tablet":{"background-color":"var(--ast-global-color-5)","background-image":"","background-repeat":"repeat","background-position":"center center","background-size":"auto","background-attachment":"scroll","background-type":"","background-media":"","overlay-type":"","overlay-color":"","overlay-opacity":"","overlay-gradient":""},"mobile":{"background-color":"var(--ast-global-color-5)","background-image":"","background-repeat":"repeat","background-position":"center center","background-size":"auto","background-attachment":"scroll","background-type":"","background-media":"","overlay-type":"","overlay-color":"","overlay-opacity":"","overlay-gradient":""}},"footnotes":""},"class_list":["post-863","page","type-page","status-publish","has-post-thumbnail","hentry"],"_links":{"self":[{"href":"https:\/\/jardimdasamoras.com.br\/amoras\/wp-json\/wp\/v2\/pages\/863","targetHints":{"allow":["GET"]}}],"collection":[{"href":"https:\/\/jardimdasamoras.com.br\/amoras\/wp-json\/wp\/v2\/pages"}],"about":[{"href":"https:\/\/jardimdasamoras.com.br\/amoras\/wp-json\/wp\/v2\/types\/page"}],"author":[{"embeddable":true,"href":"https:\/\/jardimdasamoras.com.br\/amoras\/wp-json\/wp\/v2\/users\/1"}],"replies":[{"embeddable":true,"href":"https:\/\/jardimdasamoras.com.br\/amoras\/wp-json\/wp\/v2\/comments?post=863"}],"version-history":[{"count":5,"href":"https:\/\/jardimdasamoras.com.br\/amoras\/wp-json\/wp\/v2\/pages\/863\/revisions"}],"predecessor-version":[{"id":2520,"href":"https:\/\/jardimdasamoras.com.br\/amoras\/wp-json\/wp\/v2\/pages\/863\/revisions\/2520"}],"wp:featuredmedia":[{"embeddable":true,"href":"https:\/\/jardimdasamoras.com.br\/amoras\/wp-json\/wp\/v2\/media\/2104"}],"wp:attachment":[{"href":"https:\/\/jardimdasamoras.com.br\/amoras\/wp-json\/wp\/v2\/media?parent=863"}],"curies":[{"name":"wp","href":"https:\/\/api.w.org\/{rel}","templated":true}]}}